{"id":2247,"date":"2014-04-16T19:14:16","date_gmt":"2014-04-16T19:14:16","guid":{"rendered":"http:\/\/www.montessori-childrenshouse.ch\/?page_id=2247"},"modified":"2014-05-11T15:53:58","modified_gmt":"2014-05-11T15:53:58","slug":"maria-montessori","status":"publish","type":"page","link":"https:\/\/www.montessori-lenzburg.ch\/de\/maria-montessori\/","title":{"rendered":"Maria Montessori"},"content":{"rendered":"<img loading=\"lazy\" decoding=\"async\" class=\"alignright size-medium wp-image-2715\" src=\"https:\/\/www.montessori-lenzburg.ch\/wp-content\/uploads\/2014\/04\/Maria-Montessori-248x300.jpg\" alt=\"Maria Montessori\" width=\"248\" height=\"300\" srcset=\"https:\/\/www.montessori-lenzburg.ch\/wp-content\/uploads\/2014\/04\/Maria-Montessori-248x300.jpg 248w, https:\/\/www.montessori-lenzburg.ch\/wp-content\/uploads\/2014\/04\/Maria-Montessori.jpg 450w\" sizes=\"auto, (max-width: 248px) 100vw, 248px\" \/>Maria Montessori wuchs in einer grossb\u00fcrgerlichen Familie Italiens auf. Im 19. Jh. erwarb sie als erste Frau den Doktortitel (1892 \u2013 1896) der Medizin. 1904 wurde sie Dozentin f\u00fcr Anthropologie und Biologie an der Uni Rom f\u00fcr Studenten der Naturwissenschaft. Ber\u00fchmt wurde sie durch ihre T\u00e4tigkeit als Erzieherin.<\/p>\n<p>Durch die Arbeit mit Kindern begann Maria Montessori den kindlichen Entwicklungsstand zu beobachten und entsprechende Materialien zu entwickeln. Diese erprobte sie in ihrem ersten Kinderhaus welches 1907 in San Lorenzo, Rom er\u00f6ffnet wurde. Durch zahlreiche Vortr\u00e4ge vermittelte sie ihr Wissen weiter. So entstanden in Italien und auf der ganzen Welt neue Kinderh\u00e4user. Noch heute hat ihre P\u00e4dagogik einen hohen Stellenwert.<br \/>\n<div class=\"spacer\"><\/div><!-- .spacer (end) -->","protected":false},"excerpt":{"rendered":"Maria Montessori wuchs in einer grossb\u00fcrgerlichen Familie Italiens auf. Im 19. Jh. erwarb sie als erste Frau den Doktortitel (1892 \u2013 1896) der Medizin. 1904 wurde sie Dozentin f\u00fcr Anthropologie und Biologie an der Uni Rom f\u00fcr Studenten der Naturwissenschaft. Ber\u00fchmt wurde sie durch ihre T\u00e4tigkeit als Erzieherin. Durch die Arbeit mit Kindern begann Maria Montessori den kindlichen Entwicklungsstand zu&nbsp;<a href=\"https:\/\/www.montessori-lenzburg.ch\/de\/maria-montessori\/\" class=\"read-more\">Weiter lesen<\/a>","protected":false},"author":1,"featured_media":0,"parent":0,"menu_order":4,"comment_status":"open","ping_status":"open","template":"page-fullwidth.php","meta":{"footnotes":""},"class_list":["post-2247","page","type-page","status-publish","hentry"],"_links":{"self":[{"href":"https:\/\/www.montessori-lenzburg.ch\/de\/wp-json\/wp\/v2\/pages\/2247","targetHints":{"allow":["GET"]}}],"collection":[{"href":"https:\/\/www.montessori-lenzburg.ch\/de\/wp-json\/wp\/v2\/pages"}],"about":[{"href":"https:\/\/www.montessori-lenzburg.ch\/de\/wp-json\/wp\/v2\/types\/page"}],"author":[{"embeddable":true,"href":"https:\/\/www.montessori-lenzburg.ch\/de\/wp-json\/wp\/v2\/users\/1"}],"replies":[{"embeddable":true,"href":"https:\/\/www.montessori-lenzburg.ch\/de\/wp-json\/wp\/v2\/comments?post=2247"}],"version-history":[{"count":7,"href":"https:\/\/www.montessori-lenzburg.ch\/de\/wp-json\/wp\/v2\/pages\/2247\/revisions"}],"predecessor-version":[{"id":2719,"href":"https:\/\/www.montessori-lenzburg.ch\/de\/wp-json\/wp\/v2\/pages\/2247\/revisions\/2719"}],"wp:attachment":[{"href":"https:\/\/www.montessori-lenzburg.ch\/de\/wp-json\/wp\/v2\/media?parent=2247"}],"curies":[{"name":"wp","href":"https:\/\/api.w.org\/{rel}","templated":true}]}}