{"id":2241,"date":"2014-04-16T19:12:28","date_gmt":"2014-04-16T19:12:28","guid":{"rendered":"http:\/\/www.montessori-childrenshouse.ch\/?page_id=2241"},"modified":"2018-04-15T00:26:47","modified_gmt":"2018-04-14T22:26:47","slug":"warum-montessori","status":"publish","type":"page","link":"https:\/\/www.montessori-lenzburg.ch\/de\/warum-montessori\/","title":{"rendered":"Warum Montessori?"},"content":{"rendered":"Kinder im Alter von 3-12 Jahren befinden sich in einem \u00e4usserst wichtigen Lebensabschnitt. Es wird der Grundstein f\u00fcr ihre Zukunft gelegt. Kinder sind w\u00e4hrend dieser Zeit besonders empf\u00e4nglich und k\u00f6nnen viel leichter lernen als sp\u00e4ter.<\/p>\n<p>Im Zentrum des Unterrichts steht eine ganzheitliche Erziehung. Basierend auf den p\u00e4dagogischen Grundlagen von Maria Montessori, f\u00f6rdern wir bei den Kindern ihre individuellen Begabungen und achten auf die Entwicklung einer breiten sozialen und emotionalen Kompetenz. Zentrales Element der Montessori P\u00e4dagogik ist das Montessori Material. Die Kinder werden durch das Montessori Material optimal gef\u00f6rdert, da es auch schwierigste Lerninhalte greifbar vermittelt. Die Montessori Lehrpersonen unterst\u00fctzt die nat\u00fcrliche Entwicklung der Kinder und geht gezielt auf die Interessen und den individuellen Entwicklungsstand und \u2013tempo der Kinder ein.<\/p>\n<p>Die altersgemischte Gruppe bietet den Vorteil, dass die Kinder miteinander leben und lernen, sich austauschen, sich gegenseitig helfen und gemeinsam Herausforderungen anpacken. Sie entwickeln so fr\u00fchzeitig ein achtsames, respektvolles, tolerantes und kooperatives Verhalten. Die j\u00fcngeren beobachten und lernen von ihren \u00e4lteren Vorbildern. Die \u00e4lteren vertiefen ihre Kenntnisse, in dem sie ihr Wissen den j\u00fcngeren Kindern vermitteln. Durch den j\u00e4hrlichen \u00dcbertritt in die Primar- bzw. die Oberstufe der \u00e4ltesten Kinder ergeben sich immer neue Gruppenkonstellationen. Die Kinder haben somit die M\u00f6glichkeit, jede Hierarchiestufe einmal zu durchlaufen.<br \/>","protected":false},"excerpt":{"rendered":"Kinder im Alter von 3-12 Jahren befinden sich in einem \u00e4usserst wichtigen Lebensabschnitt. Es wird der Grundstein f\u00fcr ihre Zukunft gelegt. Kinder sind w\u00e4hrend dieser Zeit besonders empf\u00e4nglich und k\u00f6nnen viel leichter lernen als sp\u00e4ter. Im Zentrum des Unterrichts steht eine ganzheitliche Erziehung. Basierend auf den p\u00e4dagogischen Grundlagen von Maria Montessori, f\u00f6rdern wir bei den Kindern ihre individuellen Begabungen und&nbsp;<a href=\"https:\/\/www.montessori-lenzburg.ch\/de\/warum-montessori\/\" class=\"read-more\">Weiter lesen<\/a>","protected":false},"author":1,"featured_media":0,"parent":0,"menu_order":1,"comment_status":"open","ping_status":"open","template":"page-fullwidth.php","meta":{"footnotes":""},"class_list":["post-2241","page","type-page","status-publish","hentry"],"_links":{"self":[{"href":"https:\/\/www.montessori-lenzburg.ch\/de\/wp-json\/wp\/v2\/pages\/2241","targetHints":{"allow":["GET"]}}],"collection":[{"href":"https:\/\/www.montessori-lenzburg.ch\/de\/wp-json\/wp\/v2\/pages"}],"about":[{"href":"https:\/\/www.montessori-lenzburg.ch\/de\/wp-json\/wp\/v2\/types\/page"}],"author":[{"embeddable":true,"href":"https:\/\/www.montessori-lenzburg.ch\/de\/wp-json\/wp\/v2\/users\/1"}],"replies":[{"embeddable":true,"href":"https:\/\/www.montessori-lenzburg.ch\/de\/wp-json\/wp\/v2\/comments?post=2241"}],"version-history":[{"count":8,"href":"https:\/\/www.montessori-lenzburg.ch\/de\/wp-json\/wp\/v2\/pages\/2241\/revisions"}],"predecessor-version":[{"id":3152,"href":"https:\/\/www.montessori-lenzburg.ch\/de\/wp-json\/wp\/v2\/pages\/2241\/revisions\/3152"}],"wp:attachment":[{"href":"https:\/\/www.montessori-lenzburg.ch\/de\/wp-json\/wp\/v2\/media?parent=2241"}],"curies":[{"name":"wp","href":"https:\/\/api.w.org\/{rel}","templated":true}]}}