{"id":2232,"date":"2014-04-16T18:58:50","date_gmt":"2014-04-16T18:58:50","guid":{"rendered":"http:\/\/www.montessori-childrenshouse.ch\/?page_id=2232"},"modified":"2021-03-07T21:22:22","modified_gmt":"2021-03-07T20:22:22","slug":"ernaehrung","status":"publish","type":"page","link":"https:\/\/www.montessori-lenzburg.ch\/de\/angebot\/ernaehrung\/","title":{"rendered":"Ern\u00e4hrung"},"content":{"rendered":"Die Montessori Schule Lenzburg legt Wert auf eine gesunde und vielf\u00e4ltige Ern\u00e4hrung. Die Mittagsverpflegung findet in den eigenen R\u00e4umlichkeiten statt. Unsere K\u00f6chin bereiten das Mittagessen f\u00fcr die gesamte Schule zu. Es werden alle Bed\u00fcrfnisse einer ausgeglichenen, frischen und genussvollen Verpflegung abdeckt.<\/p>\n<p>Als Zwischenmahlzeiten erhalten die Kinder Obst, Gem\u00fcse, K\u00e4se und Crackers.<br \/>\n<div class=\"spacer\"><\/div><!-- .spacer (end) -->\n<div class=\"spacer\"><\/div><!-- .spacer (end) -->","protected":false},"excerpt":{"rendered":"Die Montessori Schule Lenzburg legt Wert auf eine gesunde und vielf\u00e4ltige Ern\u00e4hrung. Die Mittagsverpflegung findet in den eigenen R\u00e4umlichkeiten statt. Unsere K\u00f6chin bereiten das Mittagessen f\u00fcr die gesamte Schule zu. Es werden alle Bed\u00fcrfnisse einer ausgeglichenen, frischen und genussvollen Verpflegung abdeckt. Als Zwischenmahlzeiten erhalten die Kinder Obst, Gem\u00fcse, K\u00e4se und Crackers.","protected":false},"author":1,"featured_media":0,"parent":2179,"menu_order":5,"comment_status":"open","ping_status":"open","template":"page-fullwidth.php","meta":{"footnotes":""},"class_list":["post-2232","page","type-page","status-publish","hentry"],"_links":{"self":[{"href":"https:\/\/www.montessori-lenzburg.ch\/de\/wp-json\/wp\/v2\/pages\/2232","targetHints":{"allow":["GET"]}}],"collection":[{"href":"https:\/\/www.montessori-lenzburg.ch\/de\/wp-json\/wp\/v2\/pages"}],"about":[{"href":"https:\/\/www.montessori-lenzburg.ch\/de\/wp-json\/wp\/v2\/types\/page"}],"author":[{"embeddable":true,"href":"https:\/\/www.montessori-lenzburg.ch\/de\/wp-json\/wp\/v2\/users\/1"}],"replies":[{"embeddable":true,"href":"https:\/\/www.montessori-lenzburg.ch\/de\/wp-json\/wp\/v2\/comments?post=2232"}],"version-history":[{"count":11,"href":"https:\/\/www.montessori-lenzburg.ch\/de\/wp-json\/wp\/v2\/pages\/2232\/revisions"}],"predecessor-version":[{"id":3464,"href":"https:\/\/www.montessori-lenzburg.ch\/de\/wp-json\/wp\/v2\/pages\/2232\/revisions\/3464"}],"up":[{"embeddable":true,"href":"https:\/\/www.montessori-lenzburg.ch\/de\/wp-json\/wp\/v2\/pages\/2179"}],"wp:attachment":[{"href":"https:\/\/www.montessori-lenzburg.ch\/de\/wp-json\/wp\/v2\/media?parent=2232"}],"curies":[{"name":"wp","href":"https:\/\/api.w.org\/{rel}","templated":true}]}}