{"id":220,"date":"2012-01-18T17:03:20","date_gmt":"2012-01-18T17:03:20","guid":{"rendered":"http:\/\/192.168.9.29\/Development\/TB\/?page_id=220"},"modified":"2024-06-19T14:26:38","modified_gmt":"2024-06-19T12:26:38","slug":"kurzportrait","status":"publish","type":"page","link":"https:\/\/www.montessori-lenzburg.ch\/de\/about\/kurzportrait\/","title":{"rendered":"Kurzportrait"},"content":{"rendered":"Die Montessori Schule Lenzburg ist eine private zweisprachige (Deutsch\/Englisch) Tagesschule f\u00fcr Kinder von 3-12 Jahren. Der Kindergarten und die Primarschule bauen auf demselben Konzept auf. Nebst der Montessori-P\u00e4dagogik stehen die Zweisprachigkeit und die Ganztagesbetreuung im Vordergrund. Die Kinder werden von ausgebildeten Montessori-P\u00e4dagogen\/innen betreut und nach den p\u00e4dagogischen Richtlinien der Montessori-P\u00e4dagogik gef\u00f6rdert. Durch Immersion (Deutsch\/Englisch) erwerben die Kinder eine zweite Sprache.<\/p>\n<p>Die Montessori Schule Lenzburg ist vom Kanton Aargau als Privatschule anerkannt und steht unter staatlicher Aufsicht.<br \/>\n<div class=\"spacer\"><\/div><!-- .spacer (end) -->\n<div class=\"spacer\"><\/div><!-- .spacer (end) -->","protected":false},"excerpt":{"rendered":"Die Montessori Schule Lenzburg ist eine private zweisprachige (Deutsch\/Englisch) Tagesschule f\u00fcr Kinder von 3-12 Jahren. Der Kindergarten und die Primarschule bauen auf demselben Konzept auf. Nebst der Montessori-P\u00e4dagogik stehen die Zweisprachigkeit und die Ganztagesbetreuung im Vordergrund. Die Kinder werden von ausgebildeten Montessori-P\u00e4dagogen\/innen betreut und nach den p\u00e4dagogischen Richtlinien der Montessori-P\u00e4dagogik gef\u00f6rdert. Durch Immersion (Deutsch\/Englisch) erwerben die Kinder eine zweite Sprache.&nbsp;<a href=\"https:\/\/www.montessori-lenzburg.ch\/de\/about\/kurzportrait\/\" class=\"read-more\">Weiter lesen<\/a>","protected":false},"author":1,"featured_media":0,"parent":1797,"menu_order":0,"comment_status":"open","ping_status":"closed","template":"page-fullwidth.php","meta":{"footnotes":""},"class_list":["post-220","page","type-page","status-publish","hentry"],"_links":{"self":[{"href":"https:\/\/www.montessori-lenzburg.ch\/de\/wp-json\/wp\/v2\/pages\/220","targetHints":{"allow":["GET"]}}],"collection":[{"href":"https:\/\/www.montessori-lenzburg.ch\/de\/wp-json\/wp\/v2\/pages"}],"about":[{"href":"https:\/\/www.montessori-lenzburg.ch\/de\/wp-json\/wp\/v2\/types\/page"}],"author":[{"embeddable":true,"href":"https:\/\/www.montessori-lenzburg.ch\/de\/wp-json\/wp\/v2\/users\/1"}],"replies":[{"embeddable":true,"href":"https:\/\/www.montessori-lenzburg.ch\/de\/wp-json\/wp\/v2\/comments?post=220"}],"version-history":[{"count":18,"href":"https:\/\/www.montessori-lenzburg.ch\/de\/wp-json\/wp\/v2\/pages\/220\/revisions"}],"predecessor-version":[{"id":3575,"href":"https:\/\/www.montessori-lenzburg.ch\/de\/wp-json\/wp\/v2\/pages\/220\/revisions\/3575"}],"up":[{"embeddable":true,"href":"https:\/\/www.montessori-lenzburg.ch\/de\/wp-json\/wp\/v2\/pages\/1797"}],"wp:attachment":[{"href":"https:\/\/www.montessori-lenzburg.ch\/de\/wp-json\/wp\/v2\/media?parent=220"}],"curies":[{"name":"wp","href":"https:\/\/api.w.org\/{rel}","templated":true}]}}