{"id":1280,"date":"2012-10-23T09:26:11","date_gmt":"2012-10-23T09:26:11","guid":{"rendered":"http:\/\/192.168.9.29\/Development\/TB\/?page_id=1280"},"modified":"2018-05-04T08:06:49","modified_gmt":"2018-05-04T06:06:49","slug":"zweisprachig","status":"publish","type":"page","link":"https:\/\/www.montessori-lenzburg.ch\/de\/angebot\/zweisprachig\/","title":{"rendered":"Immersiver \/ zweisprachiger Unterricht"},"content":{"rendered":"Die F\u00e4higkeit, verschiedene Sprachen zu sprechen, wird heutzutage immer wichtiger. Kinder im Alter von 3-6 Jahren sind in einer empf\u00e4nglichen Phase f\u00fcr Sprachen. Das heisst, sie absorbieren unbewusst alle Aspekte der Sprache und erlernen eine zweite Sprache meist ohne grosse Probleme. Dies erfolgt bei Kleinkindern ganz intuitiv und nat\u00fcrlich. Grundvoraussetzung hierf\u00fcr sind die Best\u00e4ndigkeit und die Regelm\u00e4ssigkeit sowie die emotionale Bindung zu den Bezugspersonen.<\/p>\n<p>Im Kindergarten werden die Kinder durch den zweisprachigen Alltag intuitiv und nat\u00fcrlich in die neue Sprache eingef\u00fchrt. Die P\u00e4dagogen\/innen unterrichten in ihren Muttersprachen (Deutsch und Englisch). In verschiedenen Alltagssituationen wie Gespr\u00e4che, Gedichte, Lieder und Geschichten erlernen die Kinder die neue Sprache. Parallel dazu gibt das Montessori-Material den Kindern die M\u00f6glichkeit, die Sprache zu erforschen und zu erkunden. Sie werden somit gezielt auf spielerische Weise gef\u00f6rdert.<\/p>\n<p>In der Primarschule ist die Hauptunterrichtssprache Deutsch. Die Zweitperson unterst\u00fctzt die Kinder unter Anleitung der Lehrperson in englischer Sprache. <\/p>\n<p>Durch die fr\u00fche Mehrsprachigkeit erwirbt das Kind wichtige Spracherwerbsstrukturen, die es auch im sp\u00e4teren Leben auf den Erwerb weiterer Sprachen \u00fcbertragen kann. Bei fremdsprachigen Kindern mit Migrationshintergrund wird das Kind sanft in die deutsche Sprache eingef\u00fchrt und lernt den Umgang mit der Mehrsprachigkeit.<br \/>\n<div class=\"spacer\"><\/div><!-- .spacer (end) -->","protected":false},"excerpt":{"rendered":"Die F\u00e4higkeit, verschiedene Sprachen zu sprechen, wird heutzutage immer wichtiger. Kinder im Alter von 3-6 Jahren sind in einer empf\u00e4nglichen Phase f\u00fcr Sprachen. Das heisst, sie absorbieren unbewusst alle Aspekte der Sprache und erlernen eine zweite Sprache meist ohne grosse Probleme. Dies erfolgt bei Kleinkindern ganz intuitiv und nat\u00fcrlich. Grundvoraussetzung hierf\u00fcr sind die Best\u00e4ndigkeit und die Regelm\u00e4ssigkeit sowie die emotionale&nbsp;<a href=\"https:\/\/www.montessori-lenzburg.ch\/de\/angebot\/zweisprachig\/\" class=\"read-more\">Weiter lesen<\/a>","protected":false},"author":1,"featured_media":0,"parent":2179,"menu_order":2,"comment_status":"open","ping_status":"closed","template":"page-fullwidth.php","meta":{"footnotes":""},"class_list":["post-1280","page","type-page","status-publish","hentry"],"_links":{"self":[{"href":"https:\/\/www.montessori-lenzburg.ch\/de\/wp-json\/wp\/v2\/pages\/1280","targetHints":{"allow":["GET"]}}],"collection":[{"href":"https:\/\/www.montessori-lenzburg.ch\/de\/wp-json\/wp\/v2\/pages"}],"about":[{"href":"https:\/\/www.montessori-lenzburg.ch\/de\/wp-json\/wp\/v2\/types\/page"}],"author":[{"embeddable":true,"href":"https:\/\/www.montessori-lenzburg.ch\/de\/wp-json\/wp\/v2\/users\/1"}],"replies":[{"embeddable":true,"href":"https:\/\/www.montessori-lenzburg.ch\/de\/wp-json\/wp\/v2\/comments?post=1280"}],"version-history":[{"count":10,"href":"https:\/\/www.montessori-lenzburg.ch\/de\/wp-json\/wp\/v2\/pages\/1280\/revisions"}],"predecessor-version":[{"id":3197,"href":"https:\/\/www.montessori-lenzburg.ch\/de\/wp-json\/wp\/v2\/pages\/1280\/revisions\/3197"}],"up":[{"embeddable":true,"href":"https:\/\/www.montessori-lenzburg.ch\/de\/wp-json\/wp\/v2\/pages\/2179"}],"wp:attachment":[{"href":"https:\/\/www.montessori-lenzburg.ch\/de\/wp-json\/wp\/v2\/media?parent=1280"}],"curies":[{"name":"wp","href":"https:\/\/api.w.org\/{rel}","templated":true}]}}