{"id":2252,"date":"2014-04-16T19:15:32","date_gmt":"2014-04-16T19:15:32","guid":{"rendered":"http:\/\/www.montessori-childrenshouse.ch\/?page_id=2252"},"modified":"2019-06-23T23:03:41","modified_gmt":"2019-06-23T21:03:41","slug":"montessori-berichte","status":"publish","type":"page","link":"http:\/\/www.montessori-lenzburg.ch\/de\/montessori-berichte\/","title":{"rendered":"Montessori Berichte"},"content":{"rendered":"<strong>Deutsch:<\/strong><\/p>\n<ul>\n<li><strong>Aargauer Zeitung: Wie der Prinz Aargauer Montessori-H\u00e4usern hilft<\/strong><\/li>\n<\/ul>\n<p><em>\"Die k\u00f6nigliche Wahl einer Schule, die nach den Grunds\u00e4tzen der italienischen Medizinerin und Reformp\u00e4dagogin Maria Montessori (1870\u20131952) unterrichtet\"<\/em><\/p>\n<p><a title=\"www.azmedien.ch\" href=\"https:\/\/www.aargauerzeitung.ch\/aargau\/kanton-aargau\/wie-der-kleine-prinz-george-aargauer-montessori-haeusern-hilft-130063766\" target=\"_blank\" rel=\"noopener noreferrer\">Zum Arikel (klicken sie hier)<\/a><\/p>\n<ul>\n<li><strong>Tages Anzeiger: In der Schule der Genies<\/strong><\/li>\n<\/ul>\n<p><em>\"Bill Gates, Jeff Bezos und Mark Zuckerberg waren in der Montessori-Schule. M\u00fcssen wir unsere Kinder auch hinschicken?\"<\/em><\/p>\n<p><a title=\"www.tagesanzeiger.ch\" href=\"https:\/\/www.tagesanzeiger.ch\/leben\/bildung\/schule-der-genies\/story\/17608447\" target=\"_blank\" rel=\"noopener noreferrer\">Zum Arikel (klicken sie hier)<\/a><\/p>\n<ul>\n<li><strong>Focus: So unterrichtet die Montessori-Schule<\/strong><\/li>\n<\/ul>\n<p><em>\"Nach der vierten Klasse wechseln 60 bis 70 Prozent der Starnberger Montessori-Sch\u00fcler auf das staatliche Gymnasium.\"<\/em><\/p>\n<p><a title=\"www.focus.de\" href=\"http:\/\/www.focus.de\/familie\/schule\/schulserie\/unterrichtsgestaltung-der-stundenplan_id_2206651.html\" target=\"_blank\" rel=\"noopener noreferrer\">Zum Arikel (klicken sie hier)<\/a><\/p>\n<ul>\n<li><em><strong>Focus: Das Ende des Rohrstocks<\/strong><\/em><\/li>\n<\/ul>\n<p><em>\"Kern der Lehre: die nat\u00fcrliche Freude der Kinder am Lernen zu f\u00f6rdern, schwierige Zusammenh\u00e4nge kindgerecht zu gestalten und sinnlich \u201ebegreifbar\u201c zu machen.\"<\/em><\/p>\n<p><a title=\"www.focus.de\" href=\"http:\/\/www.focus.de\/familie\/schule\/schulserie\/das-ende-des-rohrstocks-montessori-paedagogik_id_2276004.html\" target=\"_blank\" rel=\"noopener noreferrer\">Zum Arikel (klicken sie hier)<\/a><\/p>\n<hr \/>\n<p><strong>Englisch:<\/strong><\/p>\n<ul>\n<li><strong>Science Journal: Evaluating Montessori Education<\/strong><\/li>\n<\/ul>\n<p><em>\"Montessori education provides better outcomes than traditional methods, according to study published in the journal Science.\"<\/em><\/p>\n<p><a title=\"www.montessori-science.org\" href=\"http:\/\/www.montessori-science.org\/montessori_science_journal.htm\" target=\"_blank\" rel=\"noopener noreferrer\">Zum Arikel (klicken sie hier)<\/a><\/p>\n<ul>\n<li><strong>Wall Street Journal: The Montessori Mafia<\/strong><\/li>\n<\/ul>\n<p><em>\"Ironically, the Montessori educational approach might be the surest route to joining the creative elite, which are so overrepresented by the school\u2019s alumni that one might suspect a Montessori Mafia.\"<\/em><\/p>\n<p><a title=\"www.wsj.com\" href=\"http:\/\/blogs.wsj.com\/ideas-market\/2011\/04\/05\/the-montessori-mafia\/\" target=\"_blank\" rel=\"noopener noreferrer\">Zum Arikel (klicken sie hier)<\/a><\/p>\n<ul>\n<li><strong>Forbes: Is Montessori the Origin of Google and Amazon?<\/strong><\/li>\n<\/ul>\n<p><em>\"The approach is over 100 years old but the ideas are timeless. The world is finally catching up with Maria Montessori\u2019s insights\"<\/em><\/p>\n<p><a title=\"www.forbes.com\" href=\"http:\/\/www.forbes.com\/sites\/stevedenning\/2011\/08\/02\/is-montessori-the-origin-of-google-amazon\/\" target=\"_blank\" rel=\"noopener noreferrer\">Zum Arikel (klicken sie hier)<\/a><\/p>\n<ul>\n<li><strong>Harvard Business Review: Montessori Build Innovators<\/strong><\/li>\n<\/ul>\n<p><em>\"The world is a really interesting place, and one that should be explored. Can there be any better foundation for an innovator in training?\"<\/em><\/p>\n<p><a title=\"www.hbr.org\" href=\"http:\/\/blogs.hbr.org\/2011\/07\/montessori-builds-innovators\/\" target=\"_blank\" rel=\"noopener noreferrer\">Zum Arikel (klicken sie hier)<\/a><\/p>\n<ul>\n<li><strong>Harvard Business Review: How Do Innovators Think?<\/strong><\/li>\n<\/ul>\n<p><em>\"The most innovative entrepreneurs were very lucky to have been raised in an atmosphere where inquisitiveness was encouraged\u2026 A number of the innovative entrepreneurs also went to Montessori schools, where they learned to follow their curiosity.\"<\/em><\/p>\n<p><a title=\"www.hbr.org\" href=\"http:\/\/blogs.hbr.org\/2009\/09\/how-do-innovators-think\/\" target=\"_blank\" rel=\"noopener noreferrer\">Zum Arikel (klicken sie hier)<\/a><\/p>\n<ul>\n<li><strong>Will Wright, Montessori Grad and Creator of SimCity &amp; Spore<\/strong><\/li>\n<\/ul>\n<p><em>\"[Kids] can become interested in pretty complex theories, like Pythagorean theory, say, by playing with blocks. It\u2019s all about learning on your terms, rather than having a teacher explain stuff to you. And when kids discover these things on their own, what they learn sticks with them so much more.\"<\/em><\/p>\n<p><a title=\"www.amshq.org\" href=\"http:\/\/amshq.org\/Montessori%20Education\/History%20of%20Montessori%20Education\/Montessori%20People\/Montessori%20People%20List\/Will%20Wright\" target=\"_blank\" rel=\"noopener noreferrer\">Zum Arikel (klicken sie hier)<\/a>","protected":false},"excerpt":{"rendered":"Deutsch: Aargauer Zeitung: Wie der Prinz Aargauer Montessori-H\u00e4usern hilft \"Die k\u00f6nigliche Wahl einer Schule, die nach den Grunds\u00e4tzen der italienischen Medizinerin und Reformp\u00e4dagogin Maria Montessori (1870\u20131952) unterrichtet\" Zum Arikel (klicken sie hier) Tages Anzeiger: In der Schule der Genies \"Bill Gates, Jeff Bezos und Mark Zuckerberg waren in der Montessori-Schule. M\u00fcssen wir unsere Kinder auch hinschicken?\" Zum Arikel (klicken sie&nbsp;<a href=\"http:\/\/www.montessori-lenzburg.ch\/de\/montessori-berichte\/\" class=\"read-more\">Weiter lesen<\/a>","protected":false},"author":1,"featured_media":0,"parent":0,"menu_order":6,"comment_status":"open","ping_status":"open","template":"page-fullwidth.php","meta":{"footnotes":""},"class_list":["post-2252","page","type-page","status-publish","hentry"],"_links":{"self":[{"href":"http:\/\/www.montessori-lenzburg.ch\/de\/wp-json\/wp\/v2\/pages\/2252","targetHints":{"allow":["GET"]}}],"collection":[{"href":"http:\/\/www.montessori-lenzburg.ch\/de\/wp-json\/wp\/v2\/pages"}],"about":[{"href":"http:\/\/www.montessori-lenzburg.ch\/de\/wp-json\/wp\/v2\/types\/page"}],"author":[{"embeddable":true,"href":"http:\/\/www.montessori-lenzburg.ch\/de\/wp-json\/wp\/v2\/users\/1"}],"replies":[{"embeddable":true,"href":"http:\/\/www.montessori-lenzburg.ch\/de\/wp-json\/wp\/v2\/comments?post=2252"}],"version-history":[{"count":26,"href":"http:\/\/www.montessori-lenzburg.ch\/de\/wp-json\/wp\/v2\/pages\/2252\/revisions"}],"predecessor-version":[{"id":3354,"href":"http:\/\/www.montessori-lenzburg.ch\/de\/wp-json\/wp\/v2\/pages\/2252\/revisions\/3354"}],"wp:attachment":[{"href":"http:\/\/www.montessori-lenzburg.ch\/de\/wp-json\/wp\/v2\/media?parent=2252"}],"curies":[{"name":"wp","href":"https:\/\/api.w.org\/{rel}","templated":true}]}}