{"id":2220,"date":"2014-04-16T18:43:09","date_gmt":"2014-04-16T18:43:09","guid":{"rendered":"http:\/\/www.montessori-childrenshouse.ch\/?page_id=2220"},"modified":"2021-03-07T21:05:31","modified_gmt":"2021-03-07T20:05:31","slug":"raeumlichkeiten","status":"publish","type":"page","link":"http:\/\/www.montessori-lenzburg.ch\/de\/about\/raeumlichkeiten\/","title":{"rendered":"R\u00e4umlichkeiten"},"content":{"rendered":"<script>\/\/ <![CDATA[\njQuery(document).ready(function($) {\n\t\tvar $container = jQuery('#portfolio-grid'),\n\t\t\tfilters = {};\n\t\t\n\t\t$container.imagesLoaded( function(){\t\n\t\t\tsetColumnWidth();\n\t\t\t$container.isotope({\n\t\t\t\titemSelector : '.portfolio_item',\n\t\t\t\tresizable : false,\n\t\t\t\ttransformsEnabled : true,\n\t\t\t\tlayoutMode: 'fitRows'\n\t\t\t});\t\t\n\t\t});\n\t\t\n\t\tfunction getNumColumns(){\n\t\t\t\n\t\t\tvar $folioWrapper = jQuery('#portfolio-grid').data('cols');\n\t\t\t\n\t\t\tif($folioWrapper == '1col') {\n\t\t\t\tvar winWidth = jQuery(\"#portfolio-grid\").width();\t\t\n\t\t\t\tvar column = 1;\t\t\n\t\t\t\treturn column;\n\t\t\t}\n\t\t\t\n\t\t\tif($folioWrapper == '2cols') {\n\t\t\t\tvar winWidth = jQuery(\"#portfolio-grid\").width();\t\t\n\t\t\t\tvar column = 2;\t\t\n\t\t\t\tif (winWidth<380) column = 1;\n\t\t\t\treturn column;\n\t\t\t}\n\t\t\t\n\t\t\telse if ($folioWrapper == '3cols') {\n\t\t\t\tvar winWidth = jQuery(\"#portfolio-grid\").width();\t\t\n\t\t\t\tvar column = 3;\t\t\n\t\t\t\tif (winWidth<380) column = 1; else if(winWidth>=380 && winWidth<788) column = 2; else if(winWidth>=788 && winWidth<1160) column = 3; else if(winWidth>=1160) column = 3;\n\t\t\t\treturn column;\n\t\t\t}\n\t\t\t\n\t\t\telse if ($folioWrapper == '4cols') {\n\t\t\t\tvar winWidth = jQuery(\"#portfolio-grid\").width();\t\t\n\t\t\t\tvar column = 4;\t\t\n\t\t\t\tif (winWidth<380) column = 1; else if(winWidth>=380 && winWidth<788) column = 2; else if(winWidth>=788 && winWidth<1160) column = 3; else if(winWidth>=1160) column = 4;\t\t\n\t\t\t\treturn column;\n\t\t\t}\n\t\t}\n\t\t\n\t\tfunction setColumnWidth(){\n\t\t\tvar columns = getNumColumns();\t\t\n\t\t\n\t\t\tvar containerWidth = jQuery(\"#portfolio-grid\").width();\t\t\n\t\t\tvar postWidth = containerWidth\/columns;\n\t\t\tpostWidth = Math.floor(postWidth);\n\t \t\t\n\t\t\tjQuery(\".portfolio_item\").each(function(index){\n\t\t\t\tjQuery(this).css({\"width\":postWidth+\"px\"});\t\t\t\t\n\t\t\t});\n\t\t}\n\t\t\t\n\t\tfunction arrange(){\n\t\t\tsetColumnWidth();\t\t\n\t\t\t$container.isotope('reLayout');\t\n\t\t}\n\t\t\t\n\t\tjQuery(window).on(\"debouncedresize\", function( event ) {\t\n\t\t\tarrange();\t\t\n\t\t});\n\t\t\n\t\t\n\t\t\/\/ Filter projects\n\t\t$('.filter a').click(function(){\n\t\t\tvar $this = $(this).parent('li');\n\t\t\t\/\/ don't proceed if already active\n\t\t\tif ( $this.hasClass('active') ) {\n\t\t\t\treturn;\n\t\t\t}\n\n\t\t\tvar $optionSet = $this.parents('.filter');\n\t\t\t\/\/ change active class\n\t\t\t$optionSet.find('.active').removeClass('active');\n\t\t\t$this.addClass('active');\n\n\t\t\tvar group = $optionSet.attr('data-filter-group');\n\t\t\tfilters[ group ] = $this.find('a').attr('data-filter');\n\t\t\t\/\/ convert object into array\n\t\t\tvar isoFilters = [];\n\t\t\tfor ( var prop in filters ) {\n\t\t\t\tisoFilters.push( filters[ prop ] )\n\t\t\t}\n\t\t\tvar selector = isoFilters.join('');\n\t\t\t$container.isotope({ filter: selector });\n\n\t\t\treturn false;\n\t\t});\n\t});\n\/\/ ]]><\/script><\/p>\n<p>Der Montessori Schule Lenzburg stehen R\u00e4umlichkeiten von fast 1'000 m\u00b2 f\u00fcr den t\u00e4glichen Gebrauch zur Verf\u00fcgung. Alle Zimmer sind lichtdurchflutet und bieten den Kindern eine gem\u00fctliche und warme Atmosph\u00e4re.<br \/>\n<div class=\"spacer\"><\/div><!-- .spacer (end) -->\n<ul id=\"portfolio-grid\" class=\"filterable-portfolio thumbnails portfolio-2cols isotope\" style=\"visibility: visible;\" data-cols=\"2cols\">\n<li class=\"portfolio_item services-category-1 services-category-2 services-category-3 consectetur isotope-item\" style=\"width: 595px; min-height: 460px;\">\n<div class=\"portfolio_item_holder\">\n<figure class=\"thumbnail thumbnail__portfolio\"><a class=\"image-wrap\" title=\"Montessoriraum Kindergarten1\" href=\"https:\/\/www.montessori-lenzburg.ch\/wp-content\/uploads\/2019\/05\/kiga1.jpg\" rel=\"prettyPhoto\"><img decoding=\"async\" src=\"https:\/\/www.montessori-lenzburg.ch\/wp-content\/uploads\/2019\/05\/kiga1.jpg\" alt=\"Image Format\" \/><\/a><\/figure>\n<p><span style=\"font-weight: bold;\">Montessoriraum Kindergarten<\/span><\/p>\n<\/div>\n<\/li>\n<li class=\"portfolio_item services-category-1 services-category-2 services-category-3 consectetur isotope-item\" style=\"width: 595px; min-height: 460px;\">\n<div class=\"portfolio_item_holder\">\n<figure class=\"thumbnail thumbnail__portfolio\"><a class=\"image-wrap\" title=\"Montessoriraum Kindergarten2\" href=\"https:\/\/www.montessori-lenzburg.ch\/wp-content\/uploads\/2019\/05\/kiga2.jpg\" rel=\"prettyPhoto\"><img decoding=\"async\" src=\"https:\/\/www.montessori-lenzburg.ch\/wp-content\/uploads\/2019\/05\/kiga2.jpg\" alt=\"Image Format\" \/><\/a><\/figure>\n<p><span style=\"font-weight: bold;\">Montessoriraum Kindergarten<\/span><\/p>\n<\/div>\n<\/li>\n<li class=\"portfolio_item services-category-1 services-category-2 services-category-3 consectetur isotope-item\" style=\"width: 595px; min-height: 460px;\">\n<div class=\"portfolio_item_holder\">\n<figure class=\"thumbnail thumbnail__portfolio\"><a class=\"image-wrap\" title=\"Montessoriraum Primarschule1\" href=\"https:\/\/www.montessori-lenzburg.ch\/wp-content\/uploads\/2019\/06\/schule1.jpg\" rel=\"prettyPhoto\"><img decoding=\"async\" src=\"https:\/\/www.montessori-lenzburg.ch\/wp-content\/uploads\/2019\/06\/schule1.jpg\" alt=\"Image Format\" \/><\/a><\/figure>\n<p><span style=\"font-weight: bold;\">Montessoriraum Primarschule<\/span><\/p>\n<\/div>\n<\/li>\n<li class=\"portfolio_item services-category-1 services-category-2 services-category-3 consectetur isotope-item\" style=\"width: 595px; min-height: 460px;\">\n<div class=\"portfolio_item_holder\">\n<figure class=\"thumbnail thumbnail__portfolio\"><a class=\"image-wrap\" title=\"Montessoriraum Primarschule2\" href=\"https:\/\/www.montessori-lenzburg.ch\/wp-content\/uploads\/2019\/06\/schule2.jpg\" rel=\"prettyPhoto\"><img decoding=\"async\" src=\"https:\/\/www.montessori-lenzburg.ch\/wp-content\/uploads\/2019\/06\/schule2.jpg\" alt=\"Image Format\" \/><\/a><\/figure>\n<p><span style=\"font-weight: bold;\">Montessoriraum Primarschule<\/span><\/p>\n<\/div>\n<\/li>\n<li class=\"portfolio_item services-category-1 services-category-2 services-category-3 consectetur isotope-item\" style=\"width: 595px; min-height: 460px;\">\n<div class=\"portfolio_item_holder\">\n<figure class=\"thumbnail thumbnail__portfolio\"><a class=\"image-wrap\" title=\"GmRaum\" href=\"https:\/\/www.montessori-lenzburg.ch\/wp-content\/uploads\/2019\/06\/gmraum1.jpg\" rel=\"prettyPhoto\"><img decoding=\"async\" src=\"https:\/\/www.montessori-lenzburg.ch\/wp-content\/uploads\/2019\/06\/gmraum1.jpg\" alt=\"Image Format\" \/><\/a><\/figure>\n<p><span style=\"font-weight: bold;\">Gemeinschaftsraum<\/span><\/p>\n<\/div>\n<\/li>\n<li class=\"portfolio_item services-category-1 services-category-2 services-category-3 consectetur isotope-item\" style=\"width: 595px; min-height: 460px;\">\n<div class=\"portfolio_item_holder\">\n<figure class=\"thumbnail thumbnail__portfolio\"><a class=\"image-wrap\" title=\"GmRaum2\" href=\"https:\/\/www.montessori-lenzburg.ch\/wp-content\/uploads\/2019\/06\/gmraum2.jpg\" rel=\"prettyPhoto\"><img decoding=\"async\" src=\"https:\/\/www.montessori-lenzburg.ch\/wp-content\/uploads\/2019\/06\/gmraum2.jpg\" alt=\"Image Format\" \/><\/a><\/figure>\n<p><span style=\"font-weight: bold;\">Gemeinschaftsraum<\/span><\/p>\n<\/div>\n<\/li>\n<li class=\"portfolio_item services-category-1 services-category-2 services-category-3 consectetur isotope-item\" style=\"width: 595px; min-height: 460px;\">\n<div class=\"portfolio_item_holder\">\n<figure class=\"thumbnail thumbnail__portfolio\"><a class=\"image-wrap\" title=\"Balkon\" href=\"https:\/\/www.montessori-lenzburg.ch\/wp-content\/uploads\/2019\/06\/garderobe.jpg\" rel=\"prettyPhoto\"><img decoding=\"async\" src=\"https:\/\/www.montessori-lenzburg.ch\/wp-content\/uploads\/2019\/06\/garderobe.jpg\" alt=\"Image Format\" \/><\/a><\/figure>\n<p><span style=\"font-weight: bold;\">Garderobe<\/span><\/p>\n<\/div>\n<\/li>\n<li class=\"portfolio_item services-category-1 services-category-2 services-category-3 consectetur isotope-item\" style=\"width: 595px; min-height: 460px;\">\n<div class=\"portfolio_item_holder\">\n<figure class=\"thumbnail thumbnail__portfolio\"><a class=\"image-wrap\" title=\"Spielecke\" href=\"https:\/\/www.montessori-lenzburg.ch\/wp-content\/uploads\/2019\/06\/spielecke.jpg\" rel=\"prettyPhoto\"><img decoding=\"async\" src=\"https:\/\/www.montessori-lenzburg.ch\/wp-content\/uploads\/2019\/06\/spielecke.jpg\" alt=\"Image Format\" \/><\/a><\/figure>\n<p><span style=\"font-weight: bold;\">Spielecke<\/span><\/p>\n<\/div>\n<\/li>\n<li class=\"portfolio_item services-category-1 services-category-2 services-category-3 consectetur isotope-item\" style=\"width: 595px; min-height: 460px;\">\n<div class=\"portfolio_item_holder\">\n<figure class=\"thumbnail thumbnail__portfolio\"><a class=\"image-wrap\" title=\"Werkraum\" href=\"https:\/\/www.montessori-lenzburg.ch\/wp-content\/uploads\/2019\/06\/UG.jpg\" rel=\"prettyPhoto\"><img decoding=\"async\" src=\"https:\/\/www.montessori-lenzburg.ch\/wp-content\/uploads\/2019\/06\/UG.jpg\" alt=\"Image Format\" \/><\/a><\/figure>\n<p><span style=\"font-weight: bold;\">Werkraum & Malatelier<\/span><\/p>\n<\/div>\n<\/li>\n<li class=\"portfolio_item services-category-1 services-category-2 services-category-3 consectetur isotope-item\" style=\"width: 595px; min-height: 460px;\">\n<div class=\"portfolio_item_holder\">\n<figure class=\"thumbnail thumbnail__portfolio\"><a class=\"image-wrap\" title=\"Spielplatz\" href=\"https:\/\/www.montessori-lenzburg.ch\/wp-content\/uploads\/2019\/06\/spielplatz.jpg\" rel=\"prettyPhoto\"><img decoding=\"async\" src=\"https:\/\/www.montessori-lenzburg.ch\/wp-content\/uploads\/2019\/06\/spielplatz.jpg\" alt=\"Image Format\" \/><\/a><\/figure>\n<p><span style=\"font-weight: bold;\">Spielplatz<\/span><\/p>\n<\/div>\n<\/li>\n<\/ul>\n<div class=\"spacer\"><\/div><!-- .spacer (end) -->","protected":false},"excerpt":{"rendered":"Der Montessori Schule Lenzburg stehen R\u00e4umlichkeiten von fast 1'000 m\u00b2 f\u00fcr den t\u00e4glichen Gebrauch zur Verf\u00fcgung. Alle Zimmer sind lichtdurchflutet und bieten den Kindern eine gem\u00fctliche und warme Atmosph\u00e4re. Montessoriraum Kindergarten Montessoriraum Kindergarten Montessoriraum Primarschule Montessoriraum Primarschule Gemeinschaftsraum Gemeinschaftsraum Garderobe Spielecke Werkraum &#038; Malatelier Spielplatz","protected":false},"author":1,"featured_media":0,"parent":1797,"menu_order":5,"comment_status":"open","ping_status":"open","template":"page-fullwidth.php","meta":{"footnotes":""},"class_list":["post-2220","page","type-page","status-publish","hentry"],"_links":{"self":[{"href":"http:\/\/www.montessori-lenzburg.ch\/de\/wp-json\/wp\/v2\/pages\/2220","targetHints":{"allow":["GET"]}}],"collection":[{"href":"http:\/\/www.montessori-lenzburg.ch\/de\/wp-json\/wp\/v2\/pages"}],"about":[{"href":"http:\/\/www.montessori-lenzburg.ch\/de\/wp-json\/wp\/v2\/types\/page"}],"author":[{"embeddable":true,"href":"http:\/\/www.montessori-lenzburg.ch\/de\/wp-json\/wp\/v2\/users\/1"}],"replies":[{"embeddable":true,"href":"http:\/\/www.montessori-lenzburg.ch\/de\/wp-json\/wp\/v2\/comments?post=2220"}],"version-history":[{"count":117,"href":"http:\/\/www.montessori-lenzburg.ch\/de\/wp-json\/wp\/v2\/pages\/2220\/revisions"}],"predecessor-version":[{"id":3462,"href":"http:\/\/www.montessori-lenzburg.ch\/de\/wp-json\/wp\/v2\/pages\/2220\/revisions\/3462"}],"up":[{"embeddable":true,"href":"http:\/\/www.montessori-lenzburg.ch\/de\/wp-json\/wp\/v2\/pages\/1797"}],"wp:attachment":[{"href":"http:\/\/www.montessori-lenzburg.ch\/de\/wp-json\/wp\/v2\/media?parent=2220"}],"curies":[{"name":"wp","href":"https:\/\/api.w.org\/{rel}","templated":true}]}}